{"id":91,"date":"2025-12-22T12:34:35","date_gmt":"2025-12-22T12:34:35","guid":{"rendered":"https:\/\/lojatintas.sophiacaradesign.com.br\/?page_id=91"},"modified":"2025-12-30T22:42:25","modified_gmt":"2025-12-30T22:42:25","slug":"contato","status":"publish","type":"page","link":"https:\/\/lojatintas.sophiacaradesign.com.br\/?page_id=91","title":{"rendered":"Contato"},"content":{"rendered":"\t\t<div data-elementor-type=\"wp-page\" data-elementor-id=\"91\" class=\"elementor elementor-91\" data-elementor-post-type=\"page\">\n\t\t\t\t<div class=\"elementor-element elementor-element-3907996 e-flex e-con-boxed wpr-particle-no wpr-jarallax-no wpr-parallax-no wpr-sticky-section-no wpr-column-slider-no wpr-equal-height-no e-con e-parent\" data-id=\"3907996\" data-element_type=\"container\" data-e-type=\"container\" data-settings=\"{&quot;background_background&quot;:&quot;classic&quot;,&quot;shape_divider_bottom&quot;:&quot;curve&quot;}\">\n\t\t\t\t\t<div class=\"e-con-inner\">\n\t\t\t\t<div class=\"elementor-shape elementor-shape-bottom\" aria-hidden=\"true\" data-negative=\"false\">\n\t\t\t<svg xmlns=\"http:\/\/www.w3.org\/2000\/svg\" viewBox=\"0 0 1000 100\" preserveAspectRatio=\"none\">\n    <path class=\"elementor-shape-fill\" d=\"M1000,4.3V0H0v4.3C0.9,23.1,126.7,99.2,500,100S1000,22.7,1000,4.3z\"\/>\n<\/svg>\t\t<\/div>\n\t\t\t\t<div class=\"elementor-element elementor-element-4fcfef6 elementor-invisible elementor-widget elementor-widget-heading\" data-id=\"4fcfef6\" data-element_type=\"widget\" data-e-type=\"widget\" data-settings=\"{&quot;_animation&quot;:&quot;fadeInUp&quot;}\" data-widget_type=\"heading.default\">\n\t\t\t\t\t<h1 class=\"elementor-heading-title elementor-size-default\">Suporte<\/h1>\t\t\t\t<\/div>\n\t\t\t\t<div class=\"elementor-element elementor-element-fbadc81 elementor-invisible elementor-widget elementor-widget-heading\" data-id=\"fbadc81\" data-element_type=\"widget\" data-e-type=\"widget\" data-settings=\"{&quot;_animation&quot;:&quot;fadeInUp&quot;}\" data-widget_type=\"heading.default\">\n\t\t\t\t\t<h2 class=\"elementor-heading-title elementor-size-default\">entrar em Contato<\/h2>\t\t\t\t<\/div>\n\t\t\t\t\t<\/div>\n\t\t\t\t<\/div>\n\t\t<div class=\"elementor-element elementor-element-f5bc148 e-flex e-con-boxed wpr-particle-no wpr-jarallax-no wpr-parallax-no wpr-sticky-section-no wpr-column-slider-no wpr-equal-height-no e-con e-parent\" data-id=\"f5bc148\" data-element_type=\"container\" data-e-type=\"container\" data-settings=\"{&quot;background_background&quot;:&quot;classic&quot;}\">\n\t\t\t\t\t<div class=\"e-con-inner\">\n\t\t\t\t<div class=\"elementor-element elementor-element-0bd4486 elementor-invisible elementor-widget elementor-widget-heading\" data-id=\"0bd4486\" data-element_type=\"widget\" data-e-type=\"widget\" data-settings=\"{&quot;_animation&quot;:&quot;fadeInUp&quot;}\" data-widget_type=\"heading.default\">\n\t\t\t\t\t<h2 class=\"elementor-heading-title elementor-size-default\">Tem alguma d\u00favida ou reclama\u00e7\u00e3o?<\/h2>\t\t\t\t<\/div>\n\t\t\t\t<div class=\"elementor-element elementor-element-41c8d09 elementor-widget elementor-widget-heading\" data-id=\"41c8d09\" data-element_type=\"widget\" data-e-type=\"widget\" data-widget_type=\"heading.default\">\n\t\t\t\t\t<h2 class=\"elementor-heading-title elementor-size-default\">Nos Mande uma mensagem<\/h2>\t\t\t\t<\/div>\n\t\t\t\t\t<\/div>\n\t\t\t\t<\/div>\n\t\t<div class=\"elementor-element elementor-element-a4367b0 e-flex e-con-boxed wpr-particle-no wpr-jarallax-no wpr-parallax-no wpr-sticky-section-no wpr-column-slider-no wpr-equal-height-no e-con e-parent\" data-id=\"a4367b0\" data-element_type=\"container\" data-e-type=\"container\" data-settings=\"{&quot;background_background&quot;:&quot;classic&quot;}\">\n\t\t\t\t\t<div class=\"e-con-inner\">\n\t\t<div class=\"elementor-element elementor-element-aa895a3 e-con-full e-flex wpr-particle-no wpr-jarallax-no wpr-parallax-no wpr-sticky-section-no wpr-column-slider-no wpr-equal-height-no e-con e-child\" data-id=\"aa895a3\" data-element_type=\"container\" data-e-type=\"container\" data-settings=\"{&quot;background_background&quot;:&quot;classic&quot;}\">\n\t\t\t\t<div class=\"elementor-element elementor-element-82be859 elementor-widget elementor-widget-heading\" data-id=\"82be859\" data-element_type=\"widget\" data-e-type=\"widget\" data-widget_type=\"heading.default\">\n\t\t\t\t\t<h2 class=\"elementor-heading-title elementor-size-default\">Redes Sociais<\/h2>\t\t\t\t<\/div>\n\t\t\t\t<div class=\"elementor-element elementor-element-325657b elementor-position-inline-start elementor-mobile-position-inline-start elementor-view-default elementor-widget elementor-widget-icon-box\" data-id=\"325657b\" data-element_type=\"widget\" data-e-type=\"widget\" data-widget_type=\"icon-box.default\">\n\t\t\t\t\t\t\t<div class=\"elementor-icon-box-wrapper\">\n\n\t\t\t\t\t\t<div class=\"elementor-icon-box-icon\">\n\t\t\t\t<a href=\"https:\/\/www.instagram.com\/dellacor_tintas\/\" class=\"elementor-icon\" tabindex=\"-1\">\n\t\t\t\t<i aria-hidden=\"true\" class=\"fab fa-instagram\"><\/i>\t\t\t\t<\/a>\n\t\t\t<\/div>\n\t\t\t\n\t\t\t\t\t\t<div class=\"elementor-icon-box-content\">\n\n\t\t\t\t\n\t\t\t\t\t\t\t\t\t<p class=\"elementor-icon-box-description\">\n\t\t\t\t\t\t@dellacor_tintas\t\t\t\t\t<\/p>\n\t\t\t\t\n\t\t\t<\/div>\n\t\t\t\n\t\t<\/div>\n\t\t\t\t\t\t<\/div>\n\t\t\t\t<div class=\"elementor-element elementor-element-ee3e67b elementor-position-inline-start elementor-mobile-position-inline-start elementor-view-default elementor-widget elementor-widget-icon-box\" data-id=\"ee3e67b\" data-element_type=\"widget\" data-e-type=\"widget\" data-widget_type=\"icon-box.default\">\n\t\t\t\t\t\t\t<div class=\"elementor-icon-box-wrapper\">\n\n\t\t\t\t\t\t<div class=\"elementor-icon-box-icon\">\n\t\t\t\t<a href=\"https:\/\/www.instagram.com\/dellacor_tintas\/\" class=\"elementor-icon\" tabindex=\"-1\">\n\t\t\t\t<i aria-hidden=\"true\" class=\"fab fa-facebook\"><\/i>\t\t\t\t<\/a>\n\t\t\t<\/div>\n\t\t\t\n\t\t\t\t\t\t<div class=\"elementor-icon-box-content\">\n\n\t\t\t\t\n\t\t\t\t\t\t\t\t\t<p class=\"elementor-icon-box-description\">\n\t\t\t\t\t\tTintas Dellacor\t\t\t\t\t<\/p>\n\t\t\t\t\n\t\t\t<\/div>\n\t\t\t\n\t\t<\/div>\n\t\t\t\t\t\t<\/div>\n\t\t\t\t<\/div>\n\t\t<div class=\"elementor-element elementor-element-c0f92bf e-con-full e-flex wpr-particle-no wpr-jarallax-no wpr-parallax-no wpr-sticky-section-no wpr-column-slider-no wpr-equal-height-no e-con e-child\" data-id=\"c0f92bf\" data-element_type=\"container\" data-e-type=\"container\" data-settings=\"{&quot;background_background&quot;:&quot;classic&quot;}\">\n\t\t\t\t<div class=\"elementor-element elementor-element-1e240c9 elementor-widget elementor-widget-heading\" data-id=\"1e240c9\" data-element_type=\"widget\" data-e-type=\"widget\" data-widget_type=\"heading.default\">\n\t\t\t\t\t<h2 class=\"elementor-heading-title elementor-size-default\">Contato<\/h2>\t\t\t\t<\/div>\n\t\t\t\t<div class=\"elementor-element elementor-element-b516071 elementor-position-inline-start elementor-mobile-position-inline-start elementor-view-default elementor-widget elementor-widget-icon-box\" data-id=\"b516071\" data-element_type=\"widget\" data-e-type=\"widget\" data-widget_type=\"icon-box.default\">\n\t\t\t\t\t\t\t<div class=\"elementor-icon-box-wrapper\">\n\n\t\t\t\t\t\t<div class=\"elementor-icon-box-icon\">\n\t\t\t\t<span  class=\"elementor-icon\">\n\t\t\t\t<i aria-hidden=\"true\" class=\"fas fa-phone\"><\/i>\t\t\t\t<\/span>\n\t\t\t<\/div>\n\t\t\t\n\t\t\t\t\t\t<div class=\"elementor-icon-box-content\">\n\n\t\t\t\t\n\t\t\t\t\t\t\t\t\t<p class=\"elementor-icon-box-description\">\n\t\t\t\t\t\t(14) 3203-5382\t\t\t\t\t<\/p>\n\t\t\t\t\n\t\t\t<\/div>\n\t\t\t\n\t\t<\/div>\n\t\t\t\t\t\t<\/div>\n\t\t\t\t<div class=\"elementor-element elementor-element-9c1fcd4 elementor-position-inline-start elementor-mobile-position-inline-start elementor-view-default elementor-widget elementor-widget-icon-box\" data-id=\"9c1fcd4\" data-element_type=\"widget\" data-e-type=\"widget\" data-widget_type=\"icon-box.default\">\n\t\t\t\t\t\t\t<div class=\"elementor-icon-box-wrapper\">\n\n\t\t\t\t\t\t<div class=\"elementor-icon-box-icon\">\n\t\t\t\t<a href=\"https:\/\/wa.link\/up5uue\" class=\"elementor-icon\" tabindex=\"-1\">\n\t\t\t\t<i aria-hidden=\"true\" class=\"fab fa-whatsapp\"><\/i>\t\t\t\t<\/a>\n\t\t\t<\/div>\n\t\t\t\n\t\t\t\t\t\t<div class=\"elementor-icon-box-content\">\n\n\t\t\t\t\n\t\t\t\t\t\t\t\t\t<p class=\"elementor-icon-box-description\">\n\t\t\t\t\t\t+55 14 99743-2383\t\t\t\t\t<\/p>\n\t\t\t\t\n\t\t\t<\/div>\n\t\t\t\n\t\t<\/div>\n\t\t\t\t\t\t<\/div>\n\t\t\t\t<div class=\"elementor-element elementor-element-bdc79f1 elementor-position-inline-start elementor-mobile-position-inline-start elementor-view-default elementor-widget elementor-widget-icon-box\" data-id=\"bdc79f1\" data-element_type=\"widget\" data-e-type=\"widget\" data-widget_type=\"icon-box.default\">\n\t\t\t\t\t\t\t<div class=\"elementor-icon-box-wrapper\">\n\n\t\t\t\t\t\t<div class=\"elementor-icon-box-icon\">\n\t\t\t\t<span  class=\"elementor-icon\">\n\t\t\t\t<i aria-hidden=\"true\" class=\"fas fa-mail-bulk\"><\/i>\t\t\t\t<\/span>\n\t\t\t<\/div>\n\t\t\t\n\t\t\t\t\t\t<div class=\"elementor-icon-box-content\">\n\n\t\t\t\t\n\t\t\t\t\t\t\t\t\t<p class=\"elementor-icon-box-description\">\n\t\t\t\t\t\t\ncontato@dellacor.com.br\t\t\t\t\t<\/p>\n\t\t\t\t\n\t\t\t<\/div>\n\t\t\t\n\t\t<\/div>\n\t\t\t\t\t\t<\/div>\n\t\t\t\t<\/div>\n\t\t\t\t\t<\/div>\n\t\t\t\t<\/div>\n\t\t<div class=\"elementor-element elementor-element-1da2272 e-flex e-con-boxed wpr-particle-no wpr-jarallax-no wpr-parallax-no wpr-sticky-section-no wpr-column-slider-no wpr-equal-height-no e-con e-parent\" data-id=\"1da2272\" data-element_type=\"container\" data-e-type=\"container\" data-settings=\"{&quot;background_background&quot;:&quot;classic&quot;}\">\n\t\t\t\t\t<div class=\"e-con-inner\">\n\t\t\t\t<div class=\"elementor-element elementor-element-9af3735 elementor-widget elementor-widget-google_maps\" data-id=\"9af3735\" data-element_type=\"widget\" data-e-type=\"widget\" data-widget_type=\"google_maps.default\">\n\t\t\t\t\t\t\t<div class=\"elementor-custom-embed\">\n\t\t\t<iframe loading=\"lazy\"\n\t\t\t\t\tsrc=\"https:\/\/maps.google.com\/maps?q=Av.%20do%20Hip%C3%B3dromo%206-30%20Vila%20Carolina%20-%20Bauru%20%7C%20SP&#038;t=m&#038;z=15&#038;output=embed&#038;iwloc=near\"\n\t\t\t\t\ttitle=\"Av. do Hip\u00f3dromo 6-30 Vila Carolina - Bauru | SP\"\n\t\t\t\t\taria-label=\"Av. do Hip\u00f3dromo 6-30 Vila Carolina - Bauru | SP\"\n\t\t\t><\/iframe>\n\t\t<\/div>\n\t\t\t\t\t\t<\/div>\n\t\t\t\t<div class=\"elementor-element elementor-element-88e4f8c elementor-invisible elementor-widget elementor-widget-heading\" data-id=\"88e4f8c\" data-element_type=\"widget\" data-e-type=\"widget\" data-settings=\"{&quot;_animation&quot;:&quot;fadeInUp&quot;}\" data-widget_type=\"heading.default\">\n\t\t\t\t\t<h2 class=\"elementor-heading-title elementor-size-default\">Localiza\u00e7\u00e3o<\/h2>\t\t\t\t<\/div>\n\t\t\t\t\t<\/div>\n\t\t\t\t<\/div>\n\t\t\t\t<\/div>\n\t\t","protected":false},"excerpt":{"rendered":"<p>Suporte entrar em Contato Tem alguma d\u00favida ou reclama\u00e7\u00e3o? Nos Mande uma mensagem Redes Sociais @dellacor_tintas Tintas Dellacor Contato (14) 3203-5382 +55 14 99743-2383 contato@dellacor.com.br Localiza\u00e7\u00e3o<\/p>\n","protected":false},"author":1,"featured_media":0,"parent":0,"menu_order":0,"comment_status":"closed","ping_status":"closed","template":"elementor_header_footer","meta":{"footnotes":""},"class_list":["post-91","page","type-page","status-publish","hentry"],"yoast_head":"<!-- This site is optimized with the Yoast SEO Premium plugin v26.6 (Yoast SEO v27.2) - https:\/\/yoast.com\/product\/yoast-seo-premium-wordpress\/ -->\n<title>Contato - Tintas DellaCor<\/title>\n<meta name=\"description\" content=\"loja online de tintas, revestimentos e materiais de pintura. Qualidade de f\u00e1brica para renovar sua casa com economia \u00e9 na DellaCor.\" \/>\n<meta name=\"robots\" content=\"index, follow, max-snippet:-1, max-image-preview:large, max-video-preview:-1\" \/>\n<link rel=\"canonical\" href=\"https:\/\/lojatintas.sophiacaradesign.com.br\/?page_id=91\" \/>\n<meta property=\"og:locale\" content=\"pt_BR\" \/>\n<meta property=\"og:type\" content=\"article\" \/>\n<meta property=\"og:title\" content=\"Contato\" \/>\n<meta property=\"og:description\" content=\"loja online de tintas, revestimentos e materiais de pintura. Qualidade de f\u00e1brica para renovar sua casa com economia \u00e9 na DellaCor.\" \/>\n<meta property=\"og:url\" content=\"https:\/\/lojatintas.sophiacaradesign.com.br\/?page_id=91\" \/>\n<meta property=\"og:site_name\" content=\"Tintas DellaCor\" \/>\n<meta property=\"article:publisher\" content=\"https:\/\/www.facebook.com\/tintasdellacor\/?locale=pt_BR\" \/>\n<meta property=\"article:modified_time\" content=\"2025-12-30T22:42:25+00:00\" \/>\n<meta property=\"og:image\" content=\"https:\/\/lojatintas.sophiacaradesign.com.br\/wp-content\/uploads\/2025\/12\/Banner-compras-de-natal-degrade-braco-vermelho-1-1024x512.png\" \/>\n\t<meta property=\"og:image:width\" content=\"1024\" \/>\n\t<meta property=\"og:image:height\" content=\"512\" \/>\n\t<meta property=\"og:image:type\" content=\"image\/png\" \/>\n<meta name=\"twitter:card\" content=\"summary_large_image\" \/>\n<script type=\"application\/ld+json\" class=\"yoast-schema-graph\">{\"@context\":\"https:\/\/schema.org\",\"@graph\":[{\"@type\":\"WebPage\",\"@id\":\"https:\/\/lojatintas.sophiacaradesign.com.br\/?page_id=91\",\"url\":\"https:\/\/lojatintas.sophiacaradesign.com.br\/?page_id=91\",\"name\":\"Contato - Tintas DellaCor\",\"isPartOf\":{\"@id\":\"https:\/\/lojatintas.sophiacaradesign.com.br\/#website\"},\"datePublished\":\"2025-12-22T12:34:35+00:00\",\"dateModified\":\"2025-12-30T22:42:25+00:00\",\"description\":\"loja online de tintas, revestimentos e materiais de pintura. Qualidade de f\u00e1brica para renovar sua casa com economia \u00e9 na DellaCor.\",\"breadcrumb\":{\"@id\":\"https:\/\/lojatintas.sophiacaradesign.com.br\/?page_id=91#breadcrumb\"},\"inLanguage\":\"pt-BR\",\"potentialAction\":[{\"@type\":\"ReadAction\",\"target\":[\"https:\/\/lojatintas.sophiacaradesign.com.br\/?page_id=91\"]}]},{\"@type\":\"BreadcrumbList\",\"@id\":\"https:\/\/lojatintas.sophiacaradesign.com.br\/?page_id=91#breadcrumb\",\"itemListElement\":[{\"@type\":\"ListItem\",\"position\":1,\"name\":\"In\u00edcio\",\"item\":\"https:\/\/lojatintas.sophiacaradesign.com.br\/\"},{\"@type\":\"ListItem\",\"position\":2,\"name\":\"Contato\"}]},{\"@type\":\"WebSite\",\"@id\":\"https:\/\/lojatintas.sophiacaradesign.com.br\/#website\",\"url\":\"https:\/\/lojatintas.sophiacaradesign.com.br\/\",\"name\":\"Tintas DellaCor\",\"description\":\"Materiais de Pintura e Revestimentos Para Casa\",\"publisher\":{\"@id\":\"https:\/\/lojatintas.sophiacaradesign.com.br\/#organization\"},\"potentialAction\":[{\"@type\":\"SearchAction\",\"target\":{\"@type\":\"EntryPoint\",\"urlTemplate\":\"https:\/\/lojatintas.sophiacaradesign.com.br\/?s={search_term_string}\"},\"query-input\":{\"@type\":\"PropertyValueSpecification\",\"valueRequired\":true,\"valueName\":\"search_term_string\"}}],\"inLanguage\":\"pt-BR\"},{\"@type\":\"Organization\",\"@id\":\"https:\/\/lojatintas.sophiacaradesign.com.br\/#organization\",\"name\":\"Tintas DellaCor\",\"url\":\"https:\/\/lojatintas.sophiacaradesign.com.br\/\",\"logo\":{\"@type\":\"ImageObject\",\"inLanguage\":\"pt-BR\",\"@id\":\"https:\/\/lojatintas.sophiacaradesign.com.br\/#\/schema\/logo\/image\/\",\"url\":\"https:\/\/lojatintas.sophiacaradesign.com.br\/wp-content\/uploads\/2025\/12\/cropped-Logo-colorido-png.png\",\"contentUrl\":\"https:\/\/lojatintas.sophiacaradesign.com.br\/wp-content\/uploads\/2025\/12\/cropped-Logo-colorido-png.png\",\"width\":512,\"height\":512,\"caption\":\"Tintas DellaCor\"},\"image\":{\"@id\":\"https:\/\/lojatintas.sophiacaradesign.com.br\/#\/schema\/logo\/image\/\"},\"sameAs\":[\"https:\/\/www.facebook.com\/tintasdellacor\/?locale=pt_BR\",\"https:\/\/www.instagram.com\/dellacor_tintas\/\"]}]}<\/script>\n<!-- \/ Yoast SEO Premium plugin. -->","yoast_head_json":{"title":"Contato - Tintas DellaCor","description":"loja online de tintas, revestimentos e materiais de pintura. Qualidade de f\u00e1brica para renovar sua casa com economia \u00e9 na DellaCor.","robots":{"index":"index","follow":"follow","max-snippet":"max-snippet:-1","max-image-preview":"max-image-preview:large","max-video-preview":"max-video-preview:-1"},"canonical":"https:\/\/lojatintas.sophiacaradesign.com.br\/?page_id=91","og_locale":"pt_BR","og_type":"article","og_title":"Contato","og_description":"loja online de tintas, revestimentos e materiais de pintura. Qualidade de f\u00e1brica para renovar sua casa com economia \u00e9 na DellaCor.","og_url":"https:\/\/lojatintas.sophiacaradesign.com.br\/?page_id=91","og_site_name":"Tintas DellaCor","article_publisher":"https:\/\/www.facebook.com\/tintasdellacor\/?locale=pt_BR","article_modified_time":"2025-12-30T22:42:25+00:00","og_image":[{"width":1024,"height":512,"url":"https:\/\/lojatintas.sophiacaradesign.com.br\/wp-content\/uploads\/2025\/12\/Banner-compras-de-natal-degrade-braco-vermelho-1-1024x512.png","type":"image\/png"}],"twitter_card":"summary_large_image","schema":{"@context":"https:\/\/schema.org","@graph":[{"@type":"WebPage","@id":"https:\/\/lojatintas.sophiacaradesign.com.br\/?page_id=91","url":"https:\/\/lojatintas.sophiacaradesign.com.br\/?page_id=91","name":"Contato - Tintas DellaCor","isPartOf":{"@id":"https:\/\/lojatintas.sophiacaradesign.com.br\/#website"},"datePublished":"2025-12-22T12:34:35+00:00","dateModified":"2025-12-30T22:42:25+00:00","description":"loja online de tintas, revestimentos e materiais de pintura. Qualidade de f\u00e1brica para renovar sua casa com economia \u00e9 na DellaCor.","breadcrumb":{"@id":"https:\/\/lojatintas.sophiacaradesign.com.br\/?page_id=91#breadcrumb"},"inLanguage":"pt-BR","potentialAction":[{"@type":"ReadAction","target":["https:\/\/lojatintas.sophiacaradesign.com.br\/?page_id=91"]}]},{"@type":"BreadcrumbList","@id":"https:\/\/lojatintas.sophiacaradesign.com.br\/?page_id=91#breadcrumb","itemListElement":[{"@type":"ListItem","position":1,"name":"In\u00edcio","item":"https:\/\/lojatintas.sophiacaradesign.com.br\/"},{"@type":"ListItem","position":2,"name":"Contato"}]},{"@type":"WebSite","@id":"https:\/\/lojatintas.sophiacaradesign.com.br\/#website","url":"https:\/\/lojatintas.sophiacaradesign.com.br\/","name":"Tintas DellaCor","description":"Materiais de Pintura e Revestimentos Para Casa","publisher":{"@id":"https:\/\/lojatintas.sophiacaradesign.com.br\/#organization"},"potentialAction":[{"@type":"SearchAction","target":{"@type":"EntryPoint","urlTemplate":"https:\/\/lojatintas.sophiacaradesign.com.br\/?s={search_term_string}"},"query-input":{"@type":"PropertyValueSpecification","valueRequired":true,"valueName":"search_term_string"}}],"inLanguage":"pt-BR"},{"@type":"Organization","@id":"https:\/\/lojatintas.sophiacaradesign.com.br\/#organization","name":"Tintas DellaCor","url":"https:\/\/lojatintas.sophiacaradesign.com.br\/","logo":{"@type":"ImageObject","inLanguage":"pt-BR","@id":"https:\/\/lojatintas.sophiacaradesign.com.br\/#\/schema\/logo\/image\/","url":"https:\/\/lojatintas.sophiacaradesign.com.br\/wp-content\/uploads\/2025\/12\/cropped-Logo-colorido-png.png","contentUrl":"https:\/\/lojatintas.sophiacaradesign.com.br\/wp-content\/uploads\/2025\/12\/cropped-Logo-colorido-png.png","width":512,"height":512,"caption":"Tintas DellaCor"},"image":{"@id":"https:\/\/lojatintas.sophiacaradesign.com.br\/#\/schema\/logo\/image\/"},"sameAs":["https:\/\/www.facebook.com\/tintasdellacor\/?locale=pt_BR","https:\/\/www.instagram.com\/dellacor_tintas\/"]}]}},"_links":{"self":[{"href":"https:\/\/lojatintas.sophiacaradesign.com.br\/index.php?rest_route=\/wp\/v2\/pages\/91","targetHints":{"allow":["GET"]}}],"collection":[{"href":"https:\/\/lojatintas.sophiacaradesign.com.br\/index.php?rest_route=\/wp\/v2\/pages"}],"about":[{"href":"https:\/\/lojatintas.sophiacaradesign.com.br\/index.php?rest_route=\/wp\/v2\/types\/page"}],"author":[{"embeddable":true,"href":"https:\/\/lojatintas.sophiacaradesign.com.br\/index.php?rest_route=\/wp\/v2\/users\/1"}],"replies":[{"embeddable":true,"href":"https:\/\/lojatintas.sophiacaradesign.com.br\/index.php?rest_route=%2Fwp%2Fv2%2Fcomments&post=91"}],"version-history":[{"count":19,"href":"https:\/\/lojatintas.sophiacaradesign.com.br\/index.php?rest_route=\/wp\/v2\/pages\/91\/revisions"}],"predecessor-version":[{"id":2281,"href":"https:\/\/lojatintas.sophiacaradesign.com.br\/index.php?rest_route=\/wp\/v2\/pages\/91\/revisions\/2281"}],"wp:attachment":[{"href":"https:\/\/lojatintas.sophiacaradesign.com.br\/index.php?rest_route=%2Fwp%2Fv2%2Fmedia&parent=91"}],"curies":[{"name":"wp","href":"https:\/\/api.w.org\/{rel}","templated":true}]}}